{"id":27,"date":"2016-11-09T16:03:48","date_gmt":"2016-11-09T18:03:48","guid":{"rendered":"http:\/\/abertis.poli.usp.br\/?page_id=27"},"modified":"2023-02-23T19:41:55","modified_gmt":"2023-02-23T22:41:55","slug":"edital-2-premio-catedra-abertis","status":"publish","type":"page","link":"http:\/\/abertis.poli.usp.br\/index.php\/edital-2-premio-catedra-abertis\/","title":{"rendered":"Edital &#8211; 2\u00ba. PR\u00caMIO C\u00c1TEDRA ABERTIS"},"content":{"rendered":"<p align=\"center\"><span style=\"font-size: medium;\"><b>2\u00ba. PR\u00caMIO C\u00c1TEDRA ABERTIS &#8211; USP<\/b><\/span><\/p>\n<p align=\"center\"><a name=\"_GoBack\"><\/a> <span style=\"font-size: medium;\"><b>Gest\u00e3o de infraestruturas de Transportes<\/b><\/span><\/p>\n<p align=\"center\"><span style=\"font-size: medium;\"><b>Pr\u00eamio Internacional de Pesquisa em Transportes &#8211; BRASIL <\/b><\/span><\/p>\n<p align=\"center\"><a href=\"http:\/\/www.abertis.poli.usp.br\/\"><span style=\"color: #1155cc;\"><span style=\"font-family: Arial,serif;\">www.abertis.poli.usp.br<\/span><\/span><\/a><\/p>\n<p align=\"center\"><span style=\"font-size: medium;\"><b>Abertis, Funda\u00e7\u00e3o Abertis e a Escola Polit\u00e9cnica da Universidade de S\u00e3o Paulo (EPUSP) s\u00e3o as entidades promotoras da C\u00e1tedra Abertis-EPUSP<\/b><\/span><\/p>\n<p>&nbsp;<\/p>\n<p>A Abertis \u00e9 um dos principais grupos internacionais em gest\u00e3o de infraestruturas para a mobilidade e as comunica\u00e7\u00f5es e Funda\u00e7\u00e3o Abertis, entidade sem fins lucrativos que tem por objeto, com car\u00e1ter geral, o desenvolvimento, fomento e promo\u00e7\u00e3o de todo tipo de atividades relacionadas com o estudo e pesquisa sobre a participa\u00e7\u00e3o do setor privado no crescimento econ\u00f4mico e social derivado da gest\u00e3o de infraestruturas. A Abertis e a Funda\u00e7\u00e3o Abertis criaram a C\u00e1tedra de Gest\u00e3o de Infraestruturas de Transportes na Escola Polit\u00e9cnica da Universidade de S\u00e3o Paulo (EPUSP) para potencializar a pesquisa, o desenvolvimento e a Inova\u00e7\u00e3o, promovendo a forma\u00e7\u00e3o de recursos humanos. A gest\u00e3o das infraestruturas de transportes tem como \u00e1reas de interesses: <i>o planejamento e a opera\u00e7\u00e3o de transportes, os custos de investimento, manuten\u00e7\u00e3o e gest\u00e3o das infraestruturas de transportes, demanda por transporte e seu comportamento, neg\u00f3cio das concess\u00f5es, pol\u00edtica tarif\u00e1ria, aplica\u00e7\u00e3o das TIC em sistemas de transporte, seguran\u00e7a vi\u00e1ria, aos projetos vi\u00e1rios e de pavimentos, aos sistemas de gest\u00e3o de v\u00edas e de tr\u00e1fego, e outros aspectos cient\u00edficos, tecnol\u00f3gicos, econ\u00f3micos, sociais e ambientais<\/i>.<\/p>\n<p>A c\u00e1tedra Abertis-EPUSP de gest\u00e3o de infraestruturas de transportes tem sua sede na Universidade de S\u00e3o Paulo, na Escola Polit\u00e9cnica da USP, na Cidade de S\u00e3o Paulo, dirigida pela Professora Titular de Engenharia de Transportes, Liedi L\u00e9gi Bariani Bernucci.<\/p>\n<p>Com objeto de fomentar o interesse dos universit\u00e1rios brasileiros, e estudantes de mestrado e de doutorado, a c\u00e1tedra Abertis-EPUSP estabeleceu o Pr\u00eamio Abertis sobre gest\u00e3o de infraestruturas de transportes no Brasil <i><b>\u00e0<\/b><\/i> <i><b>melhor tese de doutorado, \u00e0 melhor disserta\u00e7\u00e3o de mestrado e ao melhor trabalho de tese ou de disserta\u00e7\u00e3o relacionado especificamente com o tema de seguran\u00e7a vi\u00e1ria, que sejam defendidas no Brasil durante o ano de 2016 na \u00e1rea de Engenharia de Transportes e correlatas<\/b><\/i>.<\/p>\n<p>Juntamente com a rede de c\u00e1tedras internacionais de gest\u00e3o de infraestruturas de transportes que o grupo Abertis e Funda\u00e7\u00e3o Abertis mant\u00eam com as universidades e os centros de excel\u00eancia mais representativos dos pa\u00edses nos quais o grupo Abertis e a Funda\u00e7\u00e3o Abertis t\u00eam atividade, anuncia-se tamb\u00e9m o Pr\u00eamio Internacional Abertis de Gest\u00e3o de infraestruturas de Transportes que ser\u00e1 outorgado ao melhor trabalho (tese ou disserta\u00e7\u00e3o) selecionado dentre os ganhadores dos pr\u00eamios nacionais convocados pelas c\u00e1tedras Abertis nos diferentes pa\u00edses participantes.<\/p>\n<p><b>REDE INTERNACIONAL DE C\u00c1TEDRAS ABERTIS<\/b><\/p>\n<ul>\n<li>EPUSP-Escola Polit\u00e9cnica da Universidade de S\u00e3o Paulo (S\u00e3o Paulo, Brasil)<\/li>\n<li>UPC-Universidade Polit\u00e9cnica da Catalunha, BarcelonaTech, (Barcelona, Espanha)<\/li>\n<li>IFSTTAR, \u00c9cole des Ponts\u2013ParisTech, Fondation des Ponts, (Paris, France)<\/li>\n<li>Universidade de Porto Rico (San Juan, Porto Rico)<\/li>\n<li>PUC-Pontificia Universidad Cat\u00f3lica de Chile (Santiago, Chile)<\/li>\n<\/ul>\n<p>&nbsp;<\/p>\n<p><b>EDITAL<\/b><\/p>\n<p>1. A C\u00e1tedra ABERTIS-USP, com o apoio da Fundaci\u00f3n ABERTIS, criou o Pr\u00eamio ABERTIS de Pesquisa em Engenharia de Transportes no Brasil, para as melhores <i>(i) tese de doutorado, (ii) disserta\u00e7\u00e3o de mestrado, e (iii) melhor tese ou disserta\u00e7\u00e3o relacionada especificamente ao tema de seguran\u00e7a<\/i>, realizadas por estudantes universit\u00e1rios, em \u00e2mbito nacional, como reconhecimento de qualidade do trabalho acad\u00eamico na \u00e1rea de gest\u00e3o da infraestruturas de transportes, onde ser\u00e3o considerados temas relacionados: ao planejamento e \u00e0 opera\u00e7\u00e3o de transportes, aos custos de investimento, \u00e0 manuten\u00e7\u00e3o e \u00e0 gest\u00e3o das infraestruturas de transportes, \u00e0 demanda por transporte e seu comportamento, ao neg\u00f3cio das concess\u00f5es, \u00e0 pol\u00edtica tarif\u00e1ria, \u00e0 aplica\u00e7\u00e3o das TIC em sistemas de transporte, \u00e0 seguran\u00e7a vi\u00e1ria, aos projetos vi\u00e1rios e de pavimentos, aos sistemas de gest\u00e3o de vias e de tr\u00e1fego, e outros aspectos cient\u00edficos, tecnol\u00f3gicos, econ\u00f3micos, sociais e ambientais.<\/p>\n<p>2. Podem concorrer aos pr\u00eamios os estudantes que apresentaram e defenderam suas teses de doutorado e disserta\u00e7\u00f5es de mestrado em <b>2016<\/b> (de 1\u00ba. de Janeiro de 2016 a 31 de Dezembro de 2016), em programas de p\u00f3s-gradua\u00e7\u00e3o brasileiros reconhecidos pela CAPES, resultantes de pesquisas desenvolvidas em Universidades, Centros de Pesquisas e Institui\u00e7\u00f5es brasileiras.<\/p>\n<p>3. As teses de doutorado e as disserta\u00e7\u00f5es de mestrado podem ser redigidas em portugu\u00eas, ingl\u00eas ou outra l\u00edngua aceita pelos programas de p\u00f3s-gradua\u00e7\u00e3o brasileiros.<\/p>\n<p>4. Documentos necess\u00e1rios para inscri\u00e7\u00e3o diretamente no site <a href=\"http:\/\/www.abertis.poli.usp.br\/\"><span style=\"color: #1155cc;\"><span style=\"font-family: Arial,serif;\">www.abertis.poli.usp.br<\/span><\/span><\/a>:<\/p>\n<ul>\n<li>As teses de doutorado e as disserta\u00e7\u00f5es de mestrado devem ser enviadas completas para (gravadas em PDF, fazendo upload no sistema de inscri\u00e7\u00e3o, devidamente identificados com nome completo do candidato), e<\/li>\n<li>C\u00f3pias em PDF de artigos publicados em peri\u00f3dicos nacionais ou internacionais relacionados ao tema da disserta\u00e7\u00e3o\/tese inscritas ao pr\u00eamio, com a devida identifica\u00e7\u00e3o DOI de cada artigo (at\u00e9 4 artigos).<\/li>\n<\/ul>\n<p>Somente poder\u00e1 se inscrever um candidato de mestrado e um de doutorado por orientador. Os documentos devem ser enviados unicamente pelo sistema.<\/p>\n<p>5. O prazo final para inscri\u00e7\u00e3o, com todos os documentos solicitados no \u00edtem 4 para a candidatura ao pr\u00eamio ABERTIS, inicia-se em <b>15 de dezembro de 2016<\/b> e finaliza-se em <b>03 de mar\u00e7o de 2017<\/b>.<\/p>\n<p>6. Para a primeira fase de sele\u00e7\u00e3o das melhores tese e disserta\u00e7\u00e3o, bem como para sele\u00e7\u00e3o da melhor tese ou disserta\u00e7\u00e3o relacionada ao tema de seguran\u00e7a vi\u00e1ria, ser\u00e1 composto um j\u00fari para a an\u00e1lise dos trabalhos candidatos, composto por professores universit\u00e1rios, que sejam bolsistas de produtividade em pesquisa do CNPq, de reconhecida capacidade nas \u00e1reas de pleito, indicados pela Diretora da C\u00e1tedra ABERTIS-USP. Poder\u00e3o ser feitos convites espec\u00edficos a profissionais de reconhecida capacidade e com s\u00f3lida trajet\u00f3ria profissional na \u00e1rea da candidatura para colaborar com a an\u00e1lise de m\u00e9rito. O j\u00fari para o julgamento final de m\u00e9rito dos trabalhos acad\u00eamicos candidatos e para a decis\u00e3o dos premiados ser\u00e1 composto pela Diretora da C\u00e1tedra ABERTIS-USP, por um membro da Diretoria da ANPET indicado pela Diretora da C\u00e1tedra, e por dois membros da Fundaci\u00f3n ABERTIS ou por ela indicados.<\/p>\n<p>7. Por tratar-se de Pr\u00eamio de Pesquisa, o j\u00fari valorizar\u00e1 a contribui\u00e7\u00e3o na gera\u00e7\u00e3o de conhecimento, a n\u00edvel nacional e internacional, levando em conta a qualidade e consist\u00eancia dos dados, das an\u00e1lises apresentadas, das modelagens realizadas e\/ou da aplica\u00e7\u00e3o pr\u00e1tica da pesquisa.<\/p>\n<p>8. Os resultados ser\u00e3o anunciados no <b>m\u00eas de abril de 2017<\/b> aos candidatos e a entrega dos pr\u00eamios dar-se-\u00e1 na Escola Polit\u00e9cnica da Universidade de S\u00e3o Paulo em data a ser marcada pela Diretora da C\u00e1tedra e pela Fundaci\u00f3n ABERTIS, com a presen\u00e7a de representantes da Fundaci\u00f3n ABERTIS, da Diretora nacional da C\u00e1tedra pelo Brasil, de membros da Concession\u00e1ria ARTERIS, do membro da Diretoria da ANPET, do j\u00fari de premia\u00e7\u00e3o e de autoridades universit\u00e1rias.<\/p>\n<p>9. O pr\u00eamio ABERTIS-USP tem tr\u00eas categorias: (i) Melhor Tese de Doutorado no valor bruto de 8.000 Euros (devem ser pagos \u00e0 pessoa f\u00edsica do candidato e ser\u00e3o descontados os impostos de renda e demais taxas obrigat\u00f3rias da lei fiscal brasileira), (ii) Melhor Disserta\u00e7\u00e3o de Mestrado no valor bruto de 3.000 Euros (devem ser pagos \u00e0 pessoa f\u00edsica e ser\u00e3o descontados os impostos de renda e demais taxas obrigat\u00f3rias da lei fiscal brasileira), e (iii) Melhor Tese ou Disserta\u00e7\u00e3o na \u00e1rea espec\u00edfica de seguran\u00e7a vi\u00e1ria no valor bruto de 3.000 Euros (devem ser pagos \u00e0 pessoa f\u00edsica e ser\u00e3o descontados os impostos de renda e demais taxas obrigat\u00f3rias da lei fiscal brasileira).<\/p>\n<p>10. O juri poder\u00e1 declarar empate nas categorias anunciadas no \u00edtem 9, dividindo-se o pr\u00eamio bruto aos candidatos empatados, bem como poder\u00e1 conceder men\u00e7\u00e3o honrosa nas categorias acima, embora esta \u00faltima n\u00e3o implique em recebimento de pr\u00eamios em dinheiro. A decis\u00e3o do juri \u00e9 incontest\u00e1vel e inapel\u00e1vel.<\/p>\n<p>11. A propriedade intelectual dos trabalhos \u00e9 dos autores. A candidatura ao pr\u00eamio autoriza \u00e0 Fundaci\u00f3n ABERTIS e \u00e0 sua c\u00e1tedra a reprodu\u00e7\u00e3o parcial ou total do trabalho candidato, sempre citando a autoria do candidato, bem como sua distribui\u00e7\u00e3o gratuita, para an\u00fancio e divulga\u00e7\u00e3o da premia\u00e7\u00e3o, nacionalmente e internacionalmente, por tempo ilimitado, sem que haja qualquer tipo de remunera\u00e7\u00e3o aos autores dos trabalhos para esta finalidade.<\/p>\n<p>12. A participa\u00e7\u00e3o no edital brasileiro para o pr\u00eamio ABERTIS implica automaticamente na participa\u00e7\u00e3o dos premiados no edital internacional do Pr\u00eamio ABERTIS, onde participam todos os ganhadores de pr\u00eamios nacionais dos pa\u00edses participantes com C\u00e1tedra ABERTIS.<\/p>\n<p>13. O Pr\u00eamio Internacional ABERTIS de transportes segue as mesmas regras aqui constantes para a premia\u00e7\u00e3o nacional. O pr\u00eamio ser\u00e1 outorgado por j\u00fari internacional. O j\u00fari internacional ser\u00e1 composto por diretores das C\u00e1tedras ABERTIS, por Diretores do Grupo ABERTIS e por membros da Fundaci\u00f3n ABERTIS. A decis\u00e3o do j\u00fari \u00e9 incontest\u00e1vel e inapel\u00e1vel.<\/p>\n<p>14. O pr\u00eamio ABERTIS internacional ser\u00e1 entregue em ato p\u00fablico celebrado em local a ser definido anualmente pela Fundaci\u00f3n ABERTIS.<\/p>\n<p>15. O pr\u00eamio ABERTIS n\u00e3o implica em qualquer remunera\u00e7\u00e3o adicional \u00e0quela j\u00e1 recebida nacionalmente. O ganhador autoriza \u00e0 Funda\u00e7\u00e3o ABERTIS a reprodu\u00e7\u00e3o parcial ou total do trabalho candidato, citando a autoria do candidato, bem como sua distribui\u00e7\u00e3o gratuita, para an\u00fancio e divulga\u00e7\u00e3o da premia\u00e7\u00e3o.<\/p>\n<p>16. A apresenta\u00e7\u00e3o de candidatura ao Pr\u00eamio C\u00e1tedra ABERTIS-USP nacional brasileiro e ao Pr\u00eamio ABERTIS internacional implica em consentimento de todas as cl\u00e1usulas deste edital.<\/p>\n","protected":false},"excerpt":{"rendered":"<p>2\u00ba. PR\u00caMIO C\u00c1TEDRA ABERTIS &#8211; USP Gest\u00e3o de infraestruturas de Transportes Pr\u00eamio Internacional de Pesquisa em Transportes &#8211; BRASIL www.abertis.poli.usp.br Abertis, Funda\u00e7\u00e3o Abertis e a&hellip;<\/p>\n","protected":false},"author":1,"featured_media":0,"parent":0,"menu_order":0,"comment_status":"closed","ping_status":"closed","template":"","meta":{"footnotes":""},"class_list":["post-27","page","type-page","status-publish","hentry"],"_links":{"self":[{"href":"http:\/\/abertis.poli.usp.br\/index.php\/wp-json\/wp\/v2\/pages\/27","targetHints":{"allow":["GET"]}}],"collection":[{"href":"http:\/\/abertis.poli.usp.br\/index.php\/wp-json\/wp\/v2\/pages"}],"about":[{"href":"http:\/\/abertis.poli.usp.br\/index.php\/wp-json\/wp\/v2\/types\/page"}],"author":[{"embeddable":true,"href":"http:\/\/abertis.poli.usp.br\/index.php\/wp-json\/wp\/v2\/users\/1"}],"replies":[{"embeddable":true,"href":"http:\/\/abertis.poli.usp.br\/index.php\/wp-json\/wp\/v2\/comments?post=27"}],"version-history":[{"count":5,"href":"http:\/\/abertis.poli.usp.br\/index.php\/wp-json\/wp\/v2\/pages\/27\/revisions"}],"predecessor-version":[{"id":260,"href":"http:\/\/abertis.poli.usp.br\/index.php\/wp-json\/wp\/v2\/pages\/27\/revisions\/260"}],"wp:attachment":[{"href":"http:\/\/abertis.poli.usp.br\/index.php\/wp-json\/wp\/v2\/media?parent=27"}],"curies":[{"name":"wp","href":"https:\/\/api.w.org\/{rel}","templated":true}]}}